{"id":2012,"date":"2021-11-11T16:38:32","date_gmt":"2021-11-11T16:38:32","guid":{"rendered":"http:\/\/nowomed.de\/test\/?page_id=2012"},"modified":"2025-08-19T14:24:09","modified_gmt":"2025-08-19T12:24:09","slug":"agb","status":"publish","type":"page","link":"https:\/\/www.nowomed.com\/de\/agb\/","title":{"rendered":"AGB"},"content":{"rendered":"","protected":false},"excerpt":{"rendered":"","protected":false},"author":23907,"featured_media":0,"parent":0,"menu_order":80,"comment_status":"closed","ping_status":"closed","template":"","meta":{"_acf_changed":false,"footnotes":""},"class_list":["post-2012","page","type-page","status-publish","hentry"],"yoast_head":"<!-- This site is optimized with the Yoast SEO plugin v26.9 - https:\/\/yoast.com\/product\/yoast-seo-wordpress\/ -->\n<title>AGB - nowomed<\/title>\n<meta name=\"description\" content=\"Die AGB von nowomed sind fair, verst\u00e4ndlich und transparent. Informiere dich hier \u00fcber unsere Allgemeinen Gesch\u00e4ftsbedingungen!\" \/>\n<meta name=\"robots\" content=\"index, follow, max-snippet:-1, max-image-preview:large, max-video-preview:-1\" \/>\n<link rel=\"canonical\" href=\"https:\/\/www.nowomed.com\/de\/agb\/\" \/>\n<meta property=\"og:locale\" content=\"de_DE\" \/>\n<meta property=\"og:type\" content=\"article\" \/>\n<meta property=\"og:title\" content=\"AGB - nowomed\" \/>\n<meta property=\"og:description\" content=\"Die AGB von nowomed sind fair, verst\u00e4ndlich und transparent. Informiere dich hier \u00fcber unsere Allgemeinen Gesch\u00e4ftsbedingungen!\" \/>\n<meta property=\"og:url\" content=\"https:\/\/www.nowomed.com\/de\/agb\/\" \/>\n<meta property=\"og:site_name\" content=\"nowomed\" \/>\n<meta property=\"article:modified_time\" content=\"2025-08-19T12:24:09+00:00\" \/>\n<meta name=\"twitter:card\" content=\"summary_large_image\" \/>\n<script type=\"application\/ld+json\" class=\"yoast-schema-graph\">{\"@context\":\"https:\/\/schema.org\",\"@graph\":[{\"@type\":\"WebPage\",\"@id\":\"https:\/\/www.nowomed.com\/de\/agb\/\",\"url\":\"https:\/\/www.nowomed.com\/de\/agb\/\",\"name\":\"AGB - nowomed\",\"isPartOf\":{\"@id\":\"https:\/\/www.nowomed.com\/de\/#website\"},\"datePublished\":\"2021-11-11T16:38:32+00:00\",\"dateModified\":\"2025-08-19T12:24:09+00:00\",\"description\":\"Die AGB von nowomed sind fair, verst\u00e4ndlich und transparent. Informiere dich hier \u00fcber unsere Allgemeinen Gesch\u00e4ftsbedingungen!\",\"breadcrumb\":{\"@id\":\"https:\/\/www.nowomed.com\/de\/agb\/#breadcrumb\"},\"inLanguage\":\"de\",\"potentialAction\":[{\"@type\":\"ReadAction\",\"target\":[\"https:\/\/www.nowomed.com\/de\/agb\/\"]}]},{\"@type\":\"BreadcrumbList\",\"@id\":\"https:\/\/www.nowomed.com\/de\/agb\/#breadcrumb\",\"itemListElement\":[{\"@type\":\"ListItem\",\"position\":1,\"name\":\"Home\",\"item\":\"https:\/\/www.nowomed.com\/de\/\"},{\"@type\":\"ListItem\",\"position\":2,\"name\":\"AGB\"}]},{\"@type\":\"WebSite\",\"@id\":\"https:\/\/www.nowomed.com\/de\/#website\",\"url\":\"https:\/\/www.nowomed.com\/de\/\",\"name\":\"nowomed\",\"description\":\"Telemedizin mit medizinischem Cannabis\",\"potentialAction\":[{\"@type\":\"SearchAction\",\"target\":{\"@type\":\"EntryPoint\",\"urlTemplate\":\"https:\/\/www.nowomed.com\/de\/?s={search_term_string}\"},\"query-input\":{\"@type\":\"PropertyValueSpecification\",\"valueRequired\":true,\"valueName\":\"search_term_string\"}}],\"inLanguage\":\"de\"}]}<\/script>\n<!-- \/ Yoast SEO plugin. -->","yoast_head_json":{"title":"AGB - nowomed","description":"Die AGB von nowomed sind fair, verst\u00e4ndlich und transparent. Informiere dich hier \u00fcber unsere Allgemeinen Gesch\u00e4ftsbedingungen!","robots":{"index":"index","follow":"follow","max-snippet":"max-snippet:-1","max-image-preview":"max-image-preview:large","max-video-preview":"max-video-preview:-1"},"canonical":"https:\/\/www.nowomed.com\/de\/agb\/","og_locale":"de_DE","og_type":"article","og_title":"AGB - nowomed","og_description":"Die AGB von nowomed sind fair, verst\u00e4ndlich und transparent. Informiere dich hier \u00fcber unsere Allgemeinen Gesch\u00e4ftsbedingungen!","og_url":"https:\/\/www.nowomed.com\/de\/agb\/","og_site_name":"nowomed","article_modified_time":"2025-08-19T12:24:09+00:00","twitter_card":"summary_large_image","schema":{"@context":"https:\/\/schema.org","@graph":[{"@type":"WebPage","@id":"https:\/\/www.nowomed.com\/de\/agb\/","url":"https:\/\/www.nowomed.com\/de\/agb\/","name":"AGB - nowomed","isPartOf":{"@id":"https:\/\/www.nowomed.com\/de\/#website"},"datePublished":"2021-11-11T16:38:32+00:00","dateModified":"2025-08-19T12:24:09+00:00","description":"Die AGB von nowomed sind fair, verst\u00e4ndlich und transparent. Informiere dich hier \u00fcber unsere Allgemeinen Gesch\u00e4ftsbedingungen!","breadcrumb":{"@id":"https:\/\/www.nowomed.com\/de\/agb\/#breadcrumb"},"inLanguage":"de","potentialAction":[{"@type":"ReadAction","target":["https:\/\/www.nowomed.com\/de\/agb\/"]}]},{"@type":"BreadcrumbList","@id":"https:\/\/www.nowomed.com\/de\/agb\/#breadcrumb","itemListElement":[{"@type":"ListItem","position":1,"name":"Home","item":"https:\/\/www.nowomed.com\/de\/"},{"@type":"ListItem","position":2,"name":"AGB"}]},{"@type":"WebSite","@id":"https:\/\/www.nowomed.com\/de\/#website","url":"https:\/\/www.nowomed.com\/de\/","name":"nowomed","description":"Telemedizin mit medizinischem Cannabis","potentialAction":[{"@type":"SearchAction","target":{"@type":"EntryPoint","urlTemplate":"https:\/\/www.nowomed.com\/de\/?s={search_term_string}"},"query-input":{"@type":"PropertyValueSpecification","valueRequired":true,"valueName":"search_term_string"}}],"inLanguage":"de"}]}},"acf":[],"_links":{"self":[{"href":"https:\/\/www.nowomed.com\/de\/wp-json\/wp\/v2\/pages\/2012","targetHints":{"allow":["GET"]}}],"collection":[{"href":"https:\/\/www.nowomed.com\/de\/wp-json\/wp\/v2\/pages"}],"about":[{"href":"https:\/\/www.nowomed.com\/de\/wp-json\/wp\/v2\/types\/page"}],"author":[{"embeddable":true,"href":"https:\/\/www.nowomed.com\/de\/wp-json\/wp\/v2\/users\/23907"}],"replies":[{"embeddable":true,"href":"https:\/\/www.nowomed.com\/de\/wp-json\/wp\/v2\/comments?post=2012"}],"version-history":[{"count":0,"href":"https:\/\/www.nowomed.com\/de\/wp-json\/wp\/v2\/pages\/2012\/revisions"}],"wp:attachment":[{"href":"https:\/\/www.nowomed.com\/de\/wp-json\/wp\/v2\/media?parent=2012"}],"curies":[{"name":"wp","href":"https:\/\/api.w.org\/{rel}","templated":true}]}}